{"id":3829,"date":"2021-03-17T12:39:35","date_gmt":"2021-03-17T11:39:35","guid":{"rendered":"http:\/\/www.gombocz-design.at\/?page_id=3829"},"modified":"2024-02-19T05:41:08","modified_gmt":"2024-02-19T04:41:08","slug":"impressum","status":"publish","type":"page","link":"https:\/\/www.gombocz-design.at\/index.php\/impressum\/","title":{"rendered":"Impressum"},"content":{"rendered":"<div  class='avia-slideshow av-jmoyv9-385ed13c2ffad45a1afc8b75aecdc4ff avia-slideshow-no scaling av_slideshow avia-slide-slider  avia-builder-el-0  el_before_av_one_half  avia-builder-el-first  av-slideshow-ui av-slideshow-manual av-loop-once av-loop-manual-endless av-default-height-applied avia-slideshow-1' data-slideshow-options=\"{&quot;animation&quot;:&quot;slide&quot;,&quot;autoplay&quot;:false,&quot;loop_autoplay&quot;:&quot;once&quot;,&quot;interval&quot;:5,&quot;loop_manual&quot;:&quot;manual-endless&quot;,&quot;autoplay_stopper&quot;:false,&quot;noNavigation&quot;:false,&quot;bg_slider&quot;:false,&quot;keep_padding&quot;:false,&quot;hoverpause&quot;:false,&quot;show_slide_delay&quot;:0}\"  itemprop=\"image\" itemscope=\"itemscope\" itemtype=\"https:\/\/schema.org\/ImageObject\" ><ul class='avia-slideshow-inner ' style='padding-bottom: 33.169291338583%;'><li  class='avia-slideshow-slide av-jmoyv9-385ed13c2ffad45a1afc8b75aecdc4ff__0  av-single-slide slide-1 slide-odd'><div data-rel='slideshow-1' class='avia-slide-wrap '   ><img class=\"wp-image-3810 avia-img-lazy-loading-not-3810\"  src=\"https:\/\/www.gombocz-design.at\/wp-content\/uploads\/2021\/03\/gombocz_215x280_m3.jpg\" width=\"1016\" height=\"337\" title='' alt=''  itemprop=\"thumbnailUrl\" srcset=\"https:\/\/www.gombocz-design.at\/wp-content\/uploads\/2021\/03\/gombocz_215x280_m3.jpg 1016w, https:\/\/www.gombocz-design.at\/wp-content\/uploads\/2021\/03\/gombocz_215x280_m3-300x100.jpg 300w, https:\/\/www.gombocz-design.at\/wp-content\/uploads\/2021\/03\/gombocz_215x280_m3-768x255.jpg 768w, https:\/\/www.gombocz-design.at\/wp-content\/uploads\/2021\/03\/gombocz_215x280_m3-705x234.jpg 705w, https:\/\/www.gombocz-design.at\/wp-content\/uploads\/2021\/03\/gombocz_215x280_m3-450x149.jpg 450w\" sizes=\"(max-width: 1016px) 100vw, 1016px\" \/><\/div><\/li><\/ul><\/div>\n\n<style type=\"text\/css\" data-created_by=\"avia_inline_auto\" id=\"style-css-av-fbboud-a7fb8150f2448fc500fb7af54ca7ae35\">\n.flex_column.av-fbboud-a7fb8150f2448fc500fb7af54ca7ae35{\n-webkit-border-radius:0px 0px 0px 0px;\n-moz-border-radius:0px 0px 0px 0px;\nborder-radius:0px 0px 0px 0px;\npadding:0px 0px 0px 0px;\n}\n<\/style>\n<div class='flex_column av-fbboud-a7fb8150f2448fc500fb7af54ca7ae35 av_one_half  avia-builder-el-1  el_after_av_slideshow  avia-builder-el-last  first flex_column_div av-zero-column-padding '     ><p><section  class='av_textblock_section av-1g1d85-f61a7c1e18ce7bc0a103727312e345a4'  itemscope=\"itemscope\" itemtype=\"https:\/\/schema.org\/CreativeWork\" ><div class='avia_textblock'  itemprop=\"text\" ><p><strong>Impressum \/ Datenschutzerkl\u00e4rung<\/strong><\/p>\n<\/div><\/section><br \/>\n<section  class='av_textblock_section av-bv6lhx-a2ddbe3091a1394c373c4b7b30c13628'  itemscope=\"itemscope\" itemtype=\"https:\/\/schema.org\/CreativeWork\" ><div class='avia_textblock'  itemprop=\"text\" ><h4>Impressum<\/h4>\n<p><b>Informationen und Offenlegung gem\u00e4\u00df \u00a75 (1) ECG, \u00a7 25 MedienG, \u00a7 63 GewO und \u00a7 14 UGB<\/b><\/p>\n<p><b>Webseitenbetreiber: <\/b>Gombocz KG<\/p>\n<p><b>Anschrift:<\/b> Burgfrieden 11, 6060 Hall in Tirol<\/p>\n<p><b>UID-Nr:<\/b> ATU79695313<br \/>\n<b>Gewerbeaufsichtbeh\u00f6rde:<\/b> BH Innsbruck<br \/>\n<b>Mitgliedschaften:<\/b> Mitglied der WKO<\/p>\n<p><b>Kontaktdaten:<\/b><br \/>\nTelefon: +43 5223 565 08<br \/>\nE-Mail: office@gombocz-design.at<br \/>\nFax: &#8211;<\/p>\n<p><b>Anwendbare Rechtsvorschrift:<\/b> www.ris.bka.gv.at<br \/>\n<b>Berufsbezeichnung:<\/b> Kunst- und M\u00f6beltischlerei Meisterbetrieb, Pr\u00fcfung in \u00d6sterreich abgelegt<\/p>\n<p><b>Online Streitbeilegung:<\/b> Verbraucher, welche in \u00d6sterreich oder in einem sonstigen Vertragsstaat der ODR-VO niedergelassen sind, haben die M\u00f6glichkeit Probleme bez\u00fcglich dem entgeltlichen Kauf von Waren oder Dienstleistungen im Rahmen einer Online-Streitbeilegung (nach OS, AStG) zu l\u00f6sen. Die Europa\u0308ische Kommission stellt eine Plattform hierf\u00fcr bereit: https:\/\/ec.europa.eu\/consumers\/odr<\/p>\n<p><b>Urheberrecht:<\/b> Die Inhalte dieser Webseite unterliegen, soweit dies rechtlich m\u00f6glich ist, diversen Schutzrechten (z.B dem Urheberrecht). Jegliche Verwendung\/Verbreitung von bereitgestelltem Material, welche urheberrechtlich untersagt ist, bedarf schriftlicher Zustimmung des Webseitenbetreibers.<\/p>\n<p><b>Haftungsausschluss:<\/b> Trotz sorgf\u00e4ltiger inhaltlicher Kontrolle \u00fcbernimmt der Webseitenbetreiber dieser Webseite keine Haftung f\u00fcr die Inhalte externer Links. F\u00fcr den Inhalt der verlinkten Seiten sind ausschlie\u00dflich deren Betreiber verantwortlich. Sollten Sie dennoch auf ausgehende Links aufmerksam werden, welche auf eine Webseite mit rechtswidriger T\u00e4tigkeit\/Information verweisen, ersuchen wir um dementsprechenden Hinweis, um diese nach \u00a7 17 Abs. 2 ECG umgehend zu entfernen.<br \/>\nDie Urheberrechte Dritter werden vom Betreiber dieser Webseite mit gr\u00f6\u00dfter Sorgfalt beachtet. Sollten Sie trotzdem auf eine Urheberrechtsverletzung aufmerksam werden, bitten wir um einen entsprechenden Hinweis. Bei Bekanntwerden derartiger Rechtsverletzungen werden wir den betroffenen Inhalt umgehend entfernen.<\/p>\n<p>Quelle: <b><a href=\"https:\/\/fairesRecht.at\/\">fairesRecht.at<\/a><\/b><\/p>\n<\/div><\/section><br \/>\n<div  class='hr av-a4lxth-4c4efaab587eefdd4ec3c5d8a41294ee hr-short  avia-builder-el-4  el_after_av_textblock  el_before_av_textblock  hr-left'><span class='hr-inner '><span class=\"hr-inner-style\"><\/span><\/span><\/div><br \/>\n<section  class='av_textblock_section av-9u2s4l-121262b456677f953ef715e2b61cf6ca'  itemscope=\"itemscope\" itemtype=\"https:\/\/schema.org\/CreativeWork\" ><div class='avia_textblock'  itemprop=\"text\" ><h3>      Erkl\u00e4rung zur Informationspflicht<\/h3>\n<p align=\"center\">      <strong>Datenschutzerkl\u00e4rung<\/strong><\/p>\n<p>      In folgender Datenschutzerkl\u00e4rung informieren wir Sie \u00fcber die wichtigsten Aspekte der Datenverarbeitung      im Rahmen unserer Webseite. Wir erheben und verarbeiten personenbezogene Daten nur auf Grundlage der gesetzlichen      Bestimmungen (Datenschutzgrundverordnung, Telekommunikationsgesetz 2003).<\/p>\n<p>Sobald Sie als Benutzer auf unsere Webseite zugreifen oder diese besuchen wird Ihre IP-Adresse, Beginn sowie Beginn und Ende der Sitzung erfasst. Dies ist      technisch bedingt und stellt somit ein berechtigtes Interesse iSv Art 6 Abs 1 lit f DSGVO.<\/p>\n<h5>Kontakt mit uns<\/h5>\n<p>Wenn Sie uns, entweder \u00fcber unser Kontaktformular auf unserer Webseite, oder per Email kontaktieren,      dann werden die von Ihnen an uns \u00fcbermittelten Daten zwecks Bearbeitung Ihrer Anfrage oder f\u00fcr den Fall von weiteren      Anschlussfragen f\u00fcr sechs Monate bei uns gespeichert. Es erfolgt, ohne Ihre Einwilligung, keine Weitergabe Ihrer \u00fcbermittelten Daten.<\/p>\n<h5>Cookies<\/h5>\n<p>Unsere Website verwendet so genannte Cookies.      Dabei handelt es sich um kleine Textdateien, die mit Hilfe des Browsers auf Ihrem Endger\u00e4t abgelegt werden.      Sie richten keinen Schaden an. Wir nutzen Cookies dazu, unser Angebot nutzerfreundlich zu gestalten.      Einige Cookies bleiben auf Ihrem Endger\u00e4t gespeichert, bis Sie diese l\u00f6schen. Sie erm\u00f6glichen es uns,      Ihren Browser beim n\u00e4chsten Besuch wiederzuerkennen.      Wenn Sie dies nicht w\u00fcnschen, so k\u00f6nnen Sie Ihren Browser so einrichten, dass er Sie \u00fcber das Setzen von      Cookies informiert und Sie dies nur im Einzelfall erlauben.      Bei der Deaktivierung von Cookies kann die Funktionalit\u00e4t unserer Website eingeschr\u00e4nkt sein.<\/p>\n<h5>Google Maps<\/h5>\n<p>Unsere Website verwendet Funktionen des Webkartendienstes \u201eGoogle Maps\u201c.      Der Dienstanbieter dieser Funktion ist:<\/p>\n<ul>\n<li>      Google Ireland Limited Gordon House, Barrow Street Dublin 4. Ireland.      Tel: +353 1 543 1000<\/li>\n<\/ul>\n<p>Im Zuge der Nutzung von Google Maps ist es notwendig Ihre IP-Adresse zu      speichern und zu verarbeiten. Google \u00fcbertr\u00e4gt in      der Regel an einen Server in den USA und speichert die Daten dort. Die Verarbeitung geschieht durch den      Diensteanbieter (oben genannt), der Betreiber dieser Homepage hat keinen      Einfluss auf die \u00dcbertragung der Daten.<\/p>\n<p>Die Datenverarbeitung erfolgt auf Basis der gesetzlichen Bestimmungen des \u00a7      96 Abs 3 TKG sowie des Art 6 Abs 1 lit f (berechtigtes Interesse) der      DSGVO. Die Nutzung von Google Maps erh\u00f6ht die Auffindbarkeit der Orte,      welche auf unserer Webseite bereitgestellt werden.<\/p>\n<p>Weitere Informationen \u00fcber den Umgang mit Nutzerdaten des Diensteanbieters      \u201eGoogle\u201c k\u00f6nnen Sie der Datenschutzerkl\u00e4rung entnehmen:<\/p>\n<p><a href=\"https:\/\/policies.google.com\/privacy?hl=de\">      https:\/\/policies.google.com\/privacy?hl=de      <\/a>      .<\/p>\n<p>Google verarbeitet die Daten auch in den USA, hat sich jedoch dem<br \/>\nEU-US Privacy-Shield unterworfen.<\/p>\n<p><a href=\"https:\/\/www.privacyshield.gov\/EU-US-Framework\">      https:\/\/www.privacyshield.gov\/EU-US-Framework      <\/a><\/p>\n<h5>Google Fonts<\/h5>\n<p>Unsere Website verwendet Schriftarten von \u201eGoogle Fonts\u201c. Der      Dienstanbieter dieser Funktion ist:<\/p>\n<ul>\n<li>      Google Ireland Limited Gordon House, Barrow Street Dublin 4. Ireland<\/li>\n<\/ul>\n<p>Tel: +353 1 543 1000<\/p>\n<p>Beim Aufrufen dieser Webseite l\u00e4dt Ihr Browser Schriftarten und speichert      diese in den Cache. Da Sie, als Besucher der Webseite, Daten des      Dienstanbieters empfangen kann Google unter Umst\u00e4nden Cookies auf Ihrem      Rechner setzen oder analysieren.<\/p>\n<p>Die Nutzung von \u201eGoogle-Fonts\u201c dient der Optimierung unserer Dienstleistung      und der einheitlichen Darstellung von Inhalten. Dies stellt ein      berechtigtes Interesse im Sinne von Art. 6 Abs. 1 lit. f DSGVO dar.<\/p>\n<p>Weitere Informationen zu Google Fonts erhalten Sie unter folgendem Link:<\/p>\n<ul>\n<li>      <a href=\"https:\/\/developers.google.com\/fonts\/faq\">      https:\/\/developers.google.com\/fonts\/faq      <\/a><\/li>\n<\/ul>\n<p>Weitere Informationen \u00fcber den Umgang mit Nutzerdaten von Google k\u00f6nnen Sie      der Datenschutzerkl\u00e4rung entnehmen:<\/p>\n<ul>\n<li>      <a href=\"https:\/\/policies.google.com\/privacy?hl=de\">      https:\/\/policies.google.com\/privacy?hl=de      <\/a>      .<\/li>\n<\/ul>\n<p>Google verarbeitet die Daten auch in den USA, hat sich jedoch dem<br \/>\nEU-US Privacy-Shield unterworfen.<\/p>\n<p><a href=\"https:\/\/www.privacyshield.gov\/EU-US-Framework\">      https:\/\/www.privacyshield.gov\/EU-US-Framework      <\/a><\/p>\n<h5>      Server-Log Files<\/h5>\n<p>Diese Webseite und der damit verbundene Provider erhebt im Zuge der      Webseitennutzung automatisch Informationen im Rahmen sogenannter      \u201eServer-Log Files\u201c. Dies betrifft insbesondere:<\/p>\n<ul>\n<li>      IP-Adresse oder Hostname<\/li>\n<li>      den verwendeten Browser<\/li>\n<li>      Aufenthaltsdauer auf der Webseite sowie Datum und Uhrzeit<\/li>\n<li>      aufgerufene Seiten der Webseite<\/li>\n<li>      Spracheinstellungen und Betriebssystem<\/li>\n<li>      \u201eLeaving-Page\u201c (auf welcher URL hat der Benutzer die Webseite        verlassen)<\/li>\n<li>        ISP (Internet Service Provider)<\/li>\n<\/ul>\n<p>Diese erhobenen Informationen werden nicht personenbezogen verarbeitet oder        mit personenbezogenen Daten in Verbindung gebracht.<\/p>\n<p>Der Webseitenbetreiber beh\u00e4lt es sich vor, im Falle von Bekanntwerden        rechtswidriger T\u00e4tigkeiten, diese Daten auszuwerten oder zu \u00fcberpr\u00fcfen.<\/p>\n<h5>Ihre Rechte als Betroffener<\/h5>\n<p>Sie als Betroffener haben bez\u00fcglich Ihrer Daten, welche bei uns gespeichert sind grunds\u00e4tzlich ein Recht auf:<\/p>\n<ul>\n<li>Auskunft<\/li>\n<li>L\u00f6schung der Daten<\/li>\n<li>Berichtigung der Daten<\/li>\n<li>\u00dcbertragbarkeit der Daten<\/li>\n<li>Wiederruf und Widerspruch zur Datenverarbeitung<\/li>\n<li>Einschr\u00e4nkung<\/li>\n<\/ul>\n<p>Wenn sie vermuten, dass im Zuge der Verarbeitung Ihrer Daten Verst\u00f6\u00dfe gegen das Datenschutzrecht passiert sind,       so haben Sie die M\u00f6glichkeit sich bei uns (office@gombocz-design.at) oder der Datenschutzbeh\u00f6rde zu beschweren.<\/p>\n<h5>Sie erreichen uns unter folgenden Kontaktdaten:<\/h5>\n<p><b>Webseitenbetreiber:<\/b> Walter Gombocz \/ Kunst- und M\u00f6beltischlerei<br \/>\n<b>Telefonnummer:<\/b> +43 5223 565 08<br \/>\n<b>Email:<\/b> office@gombocz-design.at<\/p>\n<p>Quelle: <b><a href=\"https:\/\/fairesrecht.at\/anwalt\/ort\/Wien\/1\">fairesRecht.at<\/a><\/b> in Kooperation mit <b><a href=\"https:\/\/fairesspiel.at\/\">Geld zur\u00fcck fordern Online Casino<\/a><\/b><\/p>\n<\/div><\/section><br \/>\n<div  class='hr av-7kswc5-9cf971a8d918371b32b1d3f41f69b0c8 hr-short  avia-builder-el-6  el_after_av_textblock  el_before_av_textblock  hr-left'><span class='hr-inner '><span class=\"hr-inner-style\"><\/span><\/span><\/div><br \/>\n<section  class='av_textblock_section av-m4jsl-9ea97b5fe3ed8146d05529d8c217b6e2'  itemscope=\"itemscope\" itemtype=\"https:\/\/schema.org\/CreativeWork\" ><div class='avia_textblock'  itemprop=\"text\" ><h2>Disclaimer<\/h2>\n<p>Trotz sorgf\u00e4ltiger inhaltlicher Kontrolle \u00fcbernimmt der Webseitenbetreiber (von https:\/\/www.gombocz-design.at\/, Walter Gombocz \/ Kunst- und M\u00f6beltischlerei ) keine Haftung f\u00fcr die Inhalte externer Links. F\u00fcr den Inhalt der verlinkten Seiten sind ausschlie\u00dflich deren Betreiber verantwortlich. Sollten Sie dennoch auf ausgehende Links aufmerksam werden, welche auf eine Webseite mit rechtswidriger T\u00e4tigkeit\/Information verweisen, ersuchen wir um dementsprechenden Hinweis (office@gombocz-design.at), um diesen nach \u00a7 17 Abs. 2 ECG umgehend zu entfernen.<\/p>\n<p>Die Urheberrechte Dritter werden vom Betreiber mit bestm\u00f6glicher Sorgfalt beachtet. Sollten Sie trotzdem auf eine Urheberrechtsverletzung aufmerksam werden, bitten wir um einen entsprechenden Hinweis an (office@gombocz-design.at). Bei Bekanntwerden derartiger Rechtsverletzungen werden wir den betroffenen Inhalt umgehend entfernen.<\/p>\n<p>Quelle: <a href=\"https:\/\/fairesRecht.at\">Rechtsanwalt finden &#8211; fairesRecht<\/a><\/p>\n<\/div><\/section><br \/>\n<div  class='hr av-4mj0ut-5e56df82b64b0e1ef8102c5e1c2b2011 hr-short  avia-builder-el-8  el_after_av_textblock  el_before_av_textblock  hr-left'><span class='hr-inner '><span class=\"hr-inner-style\"><\/span><\/span><\/div><br \/>\n<section  class='av_textblock_section av-2k7wud-2ebabba25b3e3be2a8038cd6dbea7d4b'  itemscope=\"itemscope\" itemtype=\"https:\/\/schema.org\/CreativeWork\" ><div class='avia_textblock'  itemprop=\"text\" ><p>Bildernachweis: Watzek Photografie; Ralph Maats \u2013 stock.adobe.com<\/p>\n<\/div><\/section><\/p><\/div>\n","protected":false},"excerpt":{"rendered":"","protected":false},"author":1,"featured_media":0,"parent":0,"menu_order":0,"comment_status":"closed","ping_status":"closed","template":"","meta":{"_mi_skip_tracking":false},"_links":{"self":[{"href":"https:\/\/www.gombocz-design.at\/index.php\/wp-json\/wp\/v2\/pages\/3829"}],"collection":[{"href":"https:\/\/www.gombocz-design.at\/index.php\/wp-json\/wp\/v2\/pages"}],"about":[{"href":"https:\/\/www.gombocz-design.at\/index.php\/wp-json\/wp\/v2\/types\/page"}],"author":[{"embeddable":true,"href":"https:\/\/www.gombocz-design.at\/index.php\/wp-json\/wp\/v2\/users\/1"}],"replies":[{"embeddable":true,"href":"https:\/\/www.gombocz-design.at\/index.php\/wp-json\/wp\/v2\/comments?post=3829"}],"version-history":[{"count":8,"href":"https:\/\/www.gombocz-design.at\/index.php\/wp-json\/wp\/v2\/pages\/3829\/revisions"}],"predecessor-version":[{"id":4526,"href":"https:\/\/www.gombocz-design.at\/index.php\/wp-json\/wp\/v2\/pages\/3829\/revisions\/4526"}],"wp:attachment":[{"href":"https:\/\/www.gombocz-design.at\/index.php\/wp-json\/wp\/v2\/media?parent=3829"}],"curies":[{"name":"wp","href":"https:\/\/api.w.org\/{rel}","templated":true}]}}